{"id":95,"date":"2014-09-25T20:05:23","date_gmt":"2014-09-25T18:05:23","guid":{"rendered":"http:\/\/www.spreesand.de\/?page_id=95"},"modified":"2016-02-20T21:12:05","modified_gmt":"2016-02-20T19:12:05","slug":"no-1-die-berlin-mitte-preussen-tour","status":"publish","type":"page","link":"http:\/\/www.spreesand.de\/?page_id=95","title":{"rendered":"No.1: Die Berlin Mitte  Preu\u00dfen-Tour"},"content":{"rendered":"<p><a href=\"http:\/\/www.spreesand.de\/wp-content\/uploads\/2014\/09\/web-2.jpg\"><img decoding=\"async\" loading=\"lazy\" class=\"alignnone size-medium wp-image-137\" src=\"http:\/\/www.spreesand.de\/wp-content\/uploads\/2014\/09\/web-2-300x200.jpg\" alt=\"web 2\" width=\"300\" height=\"200\" srcset=\"http:\/\/www.spreesand.de\/wp-content\/uploads\/2014\/09\/web-2-300x200.jpg 300w, http:\/\/www.spreesand.de\/wp-content\/uploads\/2014\/09\/web-2-1024x682.jpg 1024w, http:\/\/www.spreesand.de\/wp-content\/uploads\/2014\/09\/web-2.jpg 1233w\" sizes=\"(max-width: 300px) 100vw, 300px\" \/><\/a><\/p>\n<p>Bei der Schnitzeljagd durch das historische Berlin entdeckt Ihr spielerisch Preu\u00dfen \u2013 Kriege und Revolutionen, Ungl\u00fccke und Liebesgeschichten, Forschung und Architektur. An jedem Ort muss ein R\u00e4tsel gel\u00f6st werden, das Euch zum n\u00e4chsten Ort f\u00fchrt.<\/p>\n<p>Hinterher k\u00f6nnt Ihr nicht nur Kaiser und K\u00f6nige auseinanderhalten, auch wenn sie alle Friedrich oder Wilhelm hie\u00dfen, sondern wisst auch, warum Schinkel genial war und Luise eine K\u00f6nigin der Herzen. Ihr erfahrt etwas \u00fcber einen Feldherrn, der glaubte von einem Elefanten schwanger zu sein, wie Friedrich der Gro\u00dfe die T\u00e4nzerin Barberina entf\u00fchren lie\u00df und in welchem Geb\u00e4ude man bei Pistolenknallen Forschung betrieb.<\/p>\n<p><a href=\"http:\/\/www.spreesand.de\/wp-content\/uploads\/2014\/09\/webbild-preu\u00dfen.jpg\"><img decoding=\"async\" loading=\"lazy\" class=\"alignright wp-image-135 size-medium\" src=\"http:\/\/www.spreesand.de\/wp-content\/uploads\/2014\/09\/webbild-preu\u00dfen-300x154.jpg\" alt=\"webbild preu\u00dfen\" width=\"300\" height=\"154\" srcset=\"http:\/\/www.spreesand.de\/wp-content\/uploads\/2014\/09\/webbild-preu\u00dfen-300x154.jpg 300w, http:\/\/www.spreesand.de\/wp-content\/uploads\/2014\/09\/webbild-preu\u00dfen-1024x526.jpg 1024w, http:\/\/www.spreesand.de\/wp-content\/uploads\/2014\/09\/webbild-preu\u00dfen.jpg 1633w\" sizes=\"(max-width: 300px) 100vw, 300px\" \/><\/a><strong>Zeit einplanen<\/strong><\/p>\n<p>Die Tour f\u00fchrt Euch zu 28 Orten zwischen Gendarmenmarkt und dem Monbijou-Park. Die Strecke ist leicht zu Fu\u00df zu bew\u00e4ltigen, allerdings sollte man die Zeit, die es braucht, 28 Orte zu suchen und zu w\u00fcrdigen, nicht untersch\u00e4tzen. Rund 6 Stunden sollte man einplanen. Gerade f\u00fcr Familien ist daher eine Aufteilung auf zwei Nachmittage sinnvoll.<\/p>\n<p><a href=\"http:\/\/www.spreesand.de\/wp-content\/uploads\/2014\/09\/web-3.jpg\"><img decoding=\"async\" loading=\"lazy\" class=\"alignleft wp-image-140 size-medium\" src=\"http:\/\/www.spreesand.de\/wp-content\/uploads\/2014\/09\/web-3-300x199.jpg\" alt=\"web 3\" width=\"300\" height=\"199\" srcset=\"http:\/\/www.spreesand.de\/wp-content\/uploads\/2014\/09\/web-3-300x199.jpg 300w, http:\/\/www.spreesand.de\/wp-content\/uploads\/2014\/09\/web-3-1024x682.jpg 1024w, http:\/\/www.spreesand.de\/wp-content\/uploads\/2014\/09\/web-3.jpg 1616w\" sizes=\"(max-width: 300px) 100vw, 300px\" \/><\/a><\/p>\n<p><strong>Ab und zu mal Pause machen<\/strong><\/p>\n<p>Aufgaben l\u00f6sen macht Spa\u00df \u2013 da hei\u00dft es schnell: \u201eAch komm, die eine schaffen wir noch\u201c oder die Sportlichsten sind schon losgerannt. Und dann sind pl\u00f6tzlich Kehle trocken und F\u00fc\u00dfe lahm, wenn weit und breit kein Caf\u00e9 und nicht einmal eine Wiese in Sicht sind. Es empfiehlt sich daher eine Regel auszumachen, z.B.: Ab der f\u00fcnften Station halten wir Ausschau nach einem sch\u00f6nen Rastplatz. Eine Flasche Wasser geh\u00f6rt gerade im Sommer sowieso ins Gep\u00e4ck. F\u00fcr Pausen gut geeignet sind auf dieser Tour der Lustgarten (einige Caf\u00e9s, ein sch\u00f6ne Wiese und Liegest\u00fchle am Ufer) sowie der James-Simon-Park (Station nach dem Neuen Museum). Am Ende der Tour kann man sich in einem Caf\u00e9 am Ufer, im Bodemuseum oder in der Oranienburger Stra\u00dfe eine Belohnung g\u00f6nnen.<\/p>\n<p>&nbsp;<\/p>\n<p><strong>Achtung Baustellen!<\/strong><\/p>\n<p>In Berlins Mitte wird immer viel gebaut. Die Schnitzeljagd muss sich deshalb manchmal anpassen. Wenn Ihr nicht weiterkommt, findet Ihr auf der Hintergrundkarte A1 die Reihenfolge der Orte in der Tour mit den jeweiligen Buchstaben und Nummern der Karte (z.B. B1 \u2013 D6 \u2013 A3). Zurzeit geht es bei der Tour Berlin, preu\u00dfisch nach der Neuen Wache nicht weiter. Denn die Staatsoper ist einger\u00fcstet, das R\u00e4tsel l\u00e4sst sich deshalb nicht l\u00f6sen. Auch Marschall Bl\u00fccher ist hinter einem Bauzaun nun nicht mehr erreichbar. Daher zieht nach der Neuen Wache gleich die Karte F3 &#8211; Prinzessinnenpalais. Von dort geht es vorerst ungehindert weiter.<\/p>\n<p>&nbsp;<\/p>\n<p>Beispielkarten:<\/p>\n<p><a href=\"http:\/\/www.spreesand.de\/wp-content\/uploads\/2014\/09\/card-1-vorne-Kopie-.jpg\"><img decoding=\"async\" loading=\"lazy\" class=\"alignnone size-medium wp-image-195\" src=\"http:\/\/www.spreesand.de\/wp-content\/uploads\/2014\/09\/card-1-vorne-Kopie--198x300.jpg\" alt=\"card 1 vorne Kopie\" width=\"198\" height=\"300\" srcset=\"http:\/\/www.spreesand.de\/wp-content\/uploads\/2014\/09\/card-1-vorne-Kopie--198x300.jpg 198w, http:\/\/www.spreesand.de\/wp-content\/uploads\/2014\/09\/card-1-vorne-Kopie-.jpg 383w\" sizes=\"(max-width: 198px) 100vw, 198px\" \/><\/a><a href=\"http:\/\/www.spreesand.de\/wp-content\/uploads\/2014\/09\/card-10-vorne-Kopie-.jpg\"><img decoding=\"async\" loading=\"lazy\" class=\"alignnone size-medium wp-image-196\" src=\"http:\/\/www.spreesand.de\/wp-content\/uploads\/2014\/09\/card-10-vorne-Kopie--198x300.jpg\" alt=\"card 10 vorne Kopie\" width=\"198\" height=\"300\" srcset=\"http:\/\/www.spreesand.de\/wp-content\/uploads\/2014\/09\/card-10-vorne-Kopie--198x300.jpg 198w, http:\/\/www.spreesand.de\/wp-content\/uploads\/2014\/09\/card-10-vorne-Kopie-.jpg 383w\" sizes=\"(max-width: 198px) 100vw, 198px\" \/><\/a><a href=\"http:\/\/www.spreesand.de\/wp-content\/uploads\/2014\/09\/card-24-vorne-.jpg\"><img decoding=\"async\" loading=\"lazy\" class=\"alignnone size-medium wp-image-193\" src=\"http:\/\/www.spreesand.de\/wp-content\/uploads\/2014\/09\/card-24-vorne--198x300.jpg\" alt=\"card 24 vorne\" width=\"198\" height=\"300\" srcset=\"http:\/\/www.spreesand.de\/wp-content\/uploads\/2014\/09\/card-24-vorne--198x300.jpg 198w, http:\/\/www.spreesand.de\/wp-content\/uploads\/2014\/09\/card-24-vorne-.jpg 383w\" sizes=\"(max-width: 198px) 100vw, 198px\" \/><\/a><\/p>\n<p>Und auf der R\u00fcckseite immer eine Geschichte aus Berlin Preu\u00dfen:<\/p>\n<p><a href=\"http:\/\/www.spreesand.de\/wp-content\/uploads\/2014\/09\/card-1-hinten-Kopie-.jpg\"><img decoding=\"async\" loading=\"lazy\" class=\"alignnone size-medium wp-image-198\" src=\"http:\/\/www.spreesand.de\/wp-content\/uploads\/2014\/09\/card-1-hinten-Kopie--300x184.jpg\" alt=\"card 1 hinten Kopie\" width=\"300\" height=\"184\" srcset=\"http:\/\/www.spreesand.de\/wp-content\/uploads\/2014\/09\/card-1-hinten-Kopie--300x184.jpg 300w, http:\/\/www.spreesand.de\/wp-content\/uploads\/2014\/09\/card-1-hinten-Kopie-.jpg 511w\" sizes=\"(max-width: 300px) 100vw, 300px\" \/><\/a><a href=\"http:\/\/www.spreesand.de\/wp-content\/uploads\/2014\/09\/card-10-hinten-Kopie-.jpg\"><img decoding=\"async\" loading=\"lazy\" class=\"alignnone size-medium wp-image-197\" src=\"http:\/\/www.spreesand.de\/wp-content\/uploads\/2014\/09\/card-10-hinten-Kopie--300x186.jpg\" alt=\"card 10 hinten Kopie\" width=\"300\" height=\"186\" srcset=\"http:\/\/www.spreesand.de\/wp-content\/uploads\/2014\/09\/card-10-hinten-Kopie--300x186.jpg 300w, http:\/\/www.spreesand.de\/wp-content\/uploads\/2014\/09\/card-10-hinten-Kopie-.jpg 511w\" sizes=\"(max-width: 300px) 100vw, 300px\" \/><\/a><\/p>\n","protected":false},"excerpt":{"rendered":"<p>Bei der Schnitzeljagd durch das historische Berlin entdeckt Ihr spielerisch Preu\u00dfen \u2013 Kriege und Revolutionen, Ungl\u00fccke und Liebesgeschichten, Forschung und Architektur. An jedem Ort muss ein R\u00e4tsel gel\u00f6st werden, das Euch zum n\u00e4chsten Ort f\u00fchrt. Hinterher k\u00f6nnt Ihr nicht nur Kaiser und K\u00f6nige auseinanderhalten, auch wenn sie alle Friedrich oder Wilhelm hie\u00dfen, sondern wisst auch,&#8230; <a href=\"http:\/\/www.spreesand.de\/?page_id=95\" class=\"read-more\">Read the Rest&#8230;<\/a><\/p>\n","protected":false},"author":1,"featured_media":0,"parent":0,"menu_order":2,"comment_status":"closed","ping_status":"closed","template":"fullwidth.php","meta":[],"_links":{"self":[{"href":"http:\/\/www.spreesand.de\/index.php?rest_route=\/wp\/v2\/pages\/95"}],"collection":[{"href":"http:\/\/www.spreesand.de\/index.php?rest_route=\/wp\/v2\/pages"}],"about":[{"href":"http:\/\/www.spreesand.de\/index.php?rest_route=\/wp\/v2\/types\/page"}],"author":[{"embeddable":true,"href":"http:\/\/www.spreesand.de\/index.php?rest_route=\/wp\/v2\/users\/1"}],"replies":[{"embeddable":true,"href":"http:\/\/www.spreesand.de\/index.php?rest_route=%2Fwp%2Fv2%2Fcomments&post=95"}],"version-history":[{"count":29,"href":"http:\/\/www.spreesand.de\/index.php?rest_route=\/wp\/v2\/pages\/95\/revisions"}],"predecessor-version":[{"id":229,"href":"http:\/\/www.spreesand.de\/index.php?rest_route=\/wp\/v2\/pages\/95\/revisions\/229"}],"wp:attachment":[{"href":"http:\/\/www.spreesand.de\/index.php?rest_route=%2Fwp%2Fv2%2Fmedia&parent=95"}],"curies":[{"name":"wp","href":"https:\/\/api.w.org\/{rel}","templated":true}]}}