{"id":16,"date":"2014-04-30T15:42:14","date_gmt":"2014-04-30T13:42:14","guid":{"rendered":"http:\/\/www.spreesand.de\/?page_id=16"},"modified":"2016-09-27T22:53:28","modified_gmt":"2016-09-27T20:53:28","slug":"roemtoemtoem-ii","status":"publish","type":"page","link":"http:\/\/www.spreesand.de\/?page_id=16","title":{"rendered":"Der Weltdeutsche. Eine Biographie Alfons Paquets"},"content":{"rendered":"<h3><a href=\"http:\/\/www.spreesand.de\/wp-content\/uploads\/2014\/04\/cover-Paquet-Bio-001-vorne-web.jpg\" rel=\"attachment wp-att-251\"><img decoding=\"async\" loading=\"lazy\" class=\"size-full wp-image-251 alignright\" src=\"http:\/\/www.spreesand.de\/wp-content\/uploads\/2014\/04\/cover-Paquet-Bio-001-vorne-web.jpg\" alt=\"cover Paquet Bio-001 vorne web\" width=\"198\" height=\"287\" \/><\/a>Der Rhein &amp; das Reich. Eine westdeutsche Ideologiegeschichte<\/h3>\n<p>&nbsp;<\/p>\n<p>&nbsp;<\/p>\n<p>513 Seiten<\/p>\n<p>zahlreiche Abbildungen<\/p>\n<p>29,90 Euro<\/p>\n<p>ISBN: 978-3-945558-20-1<\/p>\n<p>&nbsp;<\/p>\n<p>Aus dem Vorwort:<\/p>\n<p>&#8222;Paquet geh\u00f6rte einer Generation an, die mit wilhelminischer Weltpolitik und den Tr\u00e4umen von einem Weltreich gro\u00df wurde, und stattdessen den Weltkrieg erlebte, Revolution und die Dauerkrise der Weimarer Republik, schlie\u00dflich das \u201eDritte Reich\u201c. Hintergrund seines Leben war die krisenhafte Etablierung der Moderne in Deutschland und die Versuche ihrer mentalen Bew\u00e4ltigung. Seine Generation erfuhr den Einbruch der industriellen Moderne mit aller Gewalt, mit Schrecken und Verunsicherung, aber auch Versprechungen und Faszination. Und der Vision\u00e4r Paquet trug zur Bew\u00e4ltigung dieser Erfahrung eine gro\u00dfe Utopie zusammen, die der friedlichen Integration Deutschlands in die Welt dienen sollte, einer Welt jenseits des Nationalismus, einer globalen one world \u2013 der Begriff h\u00e4tte ihm zweifellos gefallen.&#8220;<\/p>\n","protected":false},"excerpt":{"rendered":"<p>Der Rhein &amp; das Reich. Eine westdeutsche Ideologiegeschichte &nbsp; &nbsp; 513 Seiten zahlreiche Abbildungen 29,90 Euro ISBN: 978-3-945558-20-1 &nbsp; Aus dem Vorwort: &#8222;Paquet geh\u00f6rte einer Generation an, die mit wilhelminischer Weltpolitik und den Tr\u00e4umen von einem Weltreich gro\u00df wurde, und stattdessen den Weltkrieg erlebte, Revolution und die Dauerkrise der Weimarer Republik, schlie\u00dflich das \u201eDritte Reich\u201c&#8230;. <a href=\"http:\/\/www.spreesand.de\/?page_id=16\" class=\"read-more\">Read the Rest&#8230;<\/a><\/p>\n","protected":false},"author":1,"featured_media":0,"parent":0,"menu_order":1,"comment_status":"closed","ping_status":"closed","template":"fullwidth.php","meta":[],"_links":{"self":[{"href":"http:\/\/www.spreesand.de\/index.php?rest_route=\/wp\/v2\/pages\/16"}],"collection":[{"href":"http:\/\/www.spreesand.de\/index.php?rest_route=\/wp\/v2\/pages"}],"about":[{"href":"http:\/\/www.spreesand.de\/index.php?rest_route=\/wp\/v2\/types\/page"}],"author":[{"embeddable":true,"href":"http:\/\/www.spreesand.de\/index.php?rest_route=\/wp\/v2\/users\/1"}],"replies":[{"embeddable":true,"href":"http:\/\/www.spreesand.de\/index.php?rest_route=%2Fwp%2Fv2%2Fcomments&post=16"}],"version-history":[{"count":23,"href":"http:\/\/www.spreesand.de\/index.php?rest_route=\/wp\/v2\/pages\/16\/revisions"}],"predecessor-version":[{"id":285,"href":"http:\/\/www.spreesand.de\/index.php?rest_route=\/wp\/v2\/pages\/16\/revisions\/285"}],"wp:attachment":[{"href":"http:\/\/www.spreesand.de\/index.php?rest_route=%2Fwp%2Fv2%2Fmedia&parent=16"}],"curies":[{"name":"wp","href":"https:\/\/api.w.org\/{rel}","templated":true}]}}